{"id":323,"date":"2021-06-20T22:59:09","date_gmt":"2021-06-21T01:59:09","guid":{"rendered":"https:\/\/www.whasur.com.br\/site\/?page_id=323"},"modified":"2021-07-27T23:16:45","modified_gmt":"2021-07-28T02:16:45","slug":"solucoes","status":"publish","type":"page","link":"https:\/\/www.whasur.com.br\/site\/solucoes\/","title":{"rendered":"Solu\u00e7\u00f5es"},"content":{"rendered":"<p>Toda nossa linha de solu\u00e7\u00f5es est\u00e1 em conformidade com a NBR que rege cada item, assim fornecemos tranq\u00fcilidade de qualidade e proced\u00eancia onde nosso p\u00f3s-vendas est\u00e1 o tempo todo \u00e0 disposi\u00e7\u00e3o de sua equipe tanto na hora de especificar at\u00e9 a aplica\u00e7\u00e3o.<\/p>\n","protected":false},"excerpt":{"rendered":"<p>Toda nossa linha de solu\u00e7\u00f5es est\u00e1 em conformidade com a NBR que rege cada item, assim fornecemos tranq\u00fcilidade de qualidade e proced\u00eancia onde nosso p\u00f3s-vendas est\u00e1 o tempo todo \u00e0 disposi\u00e7\u00e3o de sua equipe tanto na hora de especificar at\u00e9 a aplica\u00e7\u00e3o.<\/p>\n","protected":false},"author":1,"featured_media":0,"parent":0,"menu_order":0,"comment_status":"closed","ping_status":"closed","template":"solucoes.php","meta":{"_acf_changed":false,"_joinchat":[],"footnotes":""},"class_list":["post-323","page","type-page","status-publish","hentry"],"acf":[],"_links":{"self":[{"href":"https:\/\/www.whasur.com.br\/site\/wp-json\/wp\/v2\/pages\/323","targetHints":{"allow":["GET"]}}],"collection":[{"href":"https:\/\/www.whasur.com.br\/site\/wp-json\/wp\/v2\/pages"}],"about":[{"href":"https:\/\/www.whasur.com.br\/site\/wp-json\/wp\/v2\/types\/page"}],"author":[{"embeddable":true,"href":"https:\/\/www.whasur.com.br\/site\/wp-json\/wp\/v2\/users\/1"}],"replies":[{"embeddable":true,"href":"https:\/\/www.whasur.com.br\/site\/wp-json\/wp\/v2\/comments?post=323"}],"version-history":[{"count":7,"href":"https:\/\/www.whasur.com.br\/site\/wp-json\/wp\/v2\/pages\/323\/revisions"}],"predecessor-version":[{"id":580,"href":"https:\/\/www.whasur.com.br\/site\/wp-json\/wp\/v2\/pages\/323\/revisions\/580"}],"wp:attachment":[{"href":"https:\/\/www.whasur.com.br\/site\/wp-json\/wp\/v2\/media?parent=323"}],"curies":[{"name":"wp","href":"https:\/\/api.w.org\/{rel}","templated":true}]}}