{"id":302,"date":"2021-05-30T16:34:05","date_gmt":"2021-05-30T19:34:05","guid":{"rendered":"https:\/\/clientes.decodedigital.com.br\/whasur\/?page_id=302"},"modified":"2021-07-11T23:28:44","modified_gmt":"2021-07-12T02:28:44","slug":"representadas","status":"publish","type":"page","link":"https:\/\/www.whasur.com.br\/site\/representadas\/","title":{"rendered":"Representadas"},"content":{"rendered":"<p>Nossas representadas colocam seu corpo t\u00e9cnico a seu dispor, pois cada obra, uma necessidade uma aplica\u00e7\u00e3o diferente e n\u00f3s buscamos atende-lo com a maior transpar\u00eancia t\u00e9cnica e aplicacional, caso n\u00e3o tenha como resolver sua d\u00favida entramos em contato imediato com nossos t\u00e9cnicos para a informa\u00e7\u00e3o segura quanto o seu questionamento.<\/p>\n","protected":false},"excerpt":{"rendered":"<p>Nossas representadas colocam seu corpo t\u00e9cnico a seu dispor, pois cada obra, uma necessidade uma aplica\u00e7\u00e3o diferente e n\u00f3s buscamos atende-lo com a maior transpar\u00eancia t\u00e9cnica e aplicacional, caso n\u00e3o tenha como resolver sua d\u00favida entramos em contato imediato com nossos t\u00e9cnicos para a informa\u00e7\u00e3o segura quanto o seu questionamento.<\/p>\n","protected":false},"author":1,"featured_media":0,"parent":0,"menu_order":0,"comment_status":"closed","ping_status":"closed","template":"representadas.php","meta":{"_acf_changed":false,"_joinchat":[],"footnotes":""},"class_list":["post-302","page","type-page","status-publish","hentry"],"acf":[],"_links":{"self":[{"href":"https:\/\/www.whasur.com.br\/site\/wp-json\/wp\/v2\/pages\/302","targetHints":{"allow":["GET"]}}],"collection":[{"href":"https:\/\/www.whasur.com.br\/site\/wp-json\/wp\/v2\/pages"}],"about":[{"href":"https:\/\/www.whasur.com.br\/site\/wp-json\/wp\/v2\/types\/page"}],"author":[{"embeddable":true,"href":"https:\/\/www.whasur.com.br\/site\/wp-json\/wp\/v2\/users\/1"}],"replies":[{"embeddable":true,"href":"https:\/\/www.whasur.com.br\/site\/wp-json\/wp\/v2\/comments?post=302"}],"version-history":[{"count":4,"href":"https:\/\/www.whasur.com.br\/site\/wp-json\/wp\/v2\/pages\/302\/revisions"}],"predecessor-version":[{"id":499,"href":"https:\/\/www.whasur.com.br\/site\/wp-json\/wp\/v2\/pages\/302\/revisions\/499"}],"wp:attachment":[{"href":"https:\/\/www.whasur.com.br\/site\/wp-json\/wp\/v2\/media?parent=302"}],"curies":[{"name":"wp","href":"https:\/\/api.w.org\/{rel}","templated":true}]}}