{"id":3,"date":"2020-09-10T17:44:42","date_gmt":"2020-09-10T20:44:42","guid":{"rendered":"http:\/\/clientes.decodedigital.com.br\/guter\/site\/?page_id=3"},"modified":"2021-07-11T22:59:47","modified_gmt":"2021-07-12T01:59:47","slug":"politica-de-privacidade-e-seguranca","status":"publish","type":"page","link":"https:\/\/www.whasur.com.br\/site\/politica-de-privacidade-e-seguranca\/","title":{"rendered":"Pol\u00edtica de Privacidade e Seguran\u00e7a"},"content":{"rendered":"<h2 class=\"pb-2 text-center w-100\">SOBRE NOSSA POL\u00cdTICA DE PRIVACIDADE<\/h2>\n<p class=\"pb-5 text-center w-100\">Whasur Representa\u00e7\u00f5es entende e respeita a sua privacidade. Nossa pol\u00edtica de privacidade foi criada para esclarecer a voc\u00ea, o tipo de informa\u00e7\u00f5es pessoais que recebemos quando voc\u00ea acessas nossas p\u00e1ginas ou artigos. Esse esclarecimento o ajudar\u00e1 a se sentir seguro em nossa p\u00e1gina, visto que todas as informa\u00e7\u00f5es aqui coletadas s\u00e3o exclusivamente no sentido de estat\u00edsticas, n\u00e3o ficando qualquer dado pessoal armazenado em nosso banco de dados.<\/p>\n<h2 class=\"pb-2 text-center w-100\">SOBRE COOKIES ARMAZENADOS<\/h2>\n<p class=\"pb-5 text-center w-100\">Utilizamos cookies para armazenar informa\u00e7\u00e3o, tais como as suas prefer\u00eancias pessoais quando visita o nosso website. Isto poder\u00e1 incluir um simples popup, ou uma liga\u00e7\u00e3o em v\u00e1rios servi\u00e7os que providenciamos, tais como f\u00f3runs. A Google faz uso do novo DART cookie para servir an\u00fancios baseados nos seus interesses e na sua visita ao nosso blog e a outros endere\u00e7os na web. Poder\u00e1 optar por n\u00e3o utilizar o DART cookie visitando a p\u00e1gina de an\u00fancios Google ad e o programa de policiamento da empresa.<\/p>\n<h2 class=\"pb-2 text-center w-100\">INFORMA\u00c7\u00d5ES PESSOAIS<\/h2>\n<p class=\"pb-1 text-center w-100\">O site Whasur Representa\u00e7\u00f5es n\u00e3o armazena qualquer informa\u00e7\u00e3o pessoal sua, como nome, endere\u00e7o ou qualquer outro dado que possa identific\u00e1-lo fora da Web.<\/p>\n<p class=\"pb-5 text-center w-100\">O servidor do site Whasur Representa\u00e7\u00f5es, armazena automaticamente o seu endere\u00e7o IP, Browser, Sistema Operacional, o idioma, a data e a URL utilizada para navega\u00e7\u00e3o (Esse procedimento \u00e9 padr\u00e3o e todos os blogs e sites da Internet o fazem automaticamente para fins estat\u00edsticos).<\/p>\n<h2 class=\"pb-2 text-center w-100\">USOS<\/h2>\n<p class=\"pb-5 text-center w-100\">A Whasur Representa\u00e7\u00f5es n\u00e3o utiliza qualquer dado coletado para fins comerciais. Os dados que coletamos, automaticamente, s\u00e3o utilizados \u00fanica e exclusivamente para fins de estat\u00edstica interna e, em hip\u00f3tese alguma, s\u00e3o divulgados em p\u00fablico.<\/p>\n<h2 class=\"pb-2 text-center w-100\">D\u00daVIDAS E ESCLARECIMENTOS<\/h2>\n<p class=\"pb-5 text-center w-100\">Em caso de permanecer alguma d\u00favida, ou desejar um esclarecimento mais aprofundado,<\/br>Favor entrar em contato pelo e-mail: <a href=\"mailto:comercial@whasur.com.br\">comercial@whasur.com.br<\/a>.<\/p>\n","protected":false},"excerpt":{"rendered":"<p>SOBRE NOSSA POL\u00cdTICA DE PRIVACIDADE Whasur Representa\u00e7\u00f5es entende e respeita a sua privacidade. Nossa pol\u00edtica de privacidade foi criada para esclarecer a voc\u00ea, o tipo de informa\u00e7\u00f5es pessoais que recebemos quando voc\u00ea acessas nossas p\u00e1ginas ou artigos. Esse esclarecimento o ajudar\u00e1 a se sentir seguro em nossa p\u00e1gina, visto que todas as informa\u00e7\u00f5es aqui coletadas [&hellip;]<\/p>\n","protected":false},"author":1,"featured_media":0,"parent":0,"menu_order":0,"comment_status":"closed","ping_status":"open","template":"politica-de-privacidade.php","meta":{"_acf_changed":false,"_joinchat":[],"footnotes":""},"class_list":["post-3","page","type-page","status-publish","hentry"],"acf":[],"_links":{"self":[{"href":"https:\/\/www.whasur.com.br\/site\/wp-json\/wp\/v2\/pages\/3","targetHints":{"allow":["GET"]}}],"collection":[{"href":"https:\/\/www.whasur.com.br\/site\/wp-json\/wp\/v2\/pages"}],"about":[{"href":"https:\/\/www.whasur.com.br\/site\/wp-json\/wp\/v2\/types\/page"}],"author":[{"embeddable":true,"href":"https:\/\/www.whasur.com.br\/site\/wp-json\/wp\/v2\/users\/1"}],"replies":[{"embeddable":true,"href":"https:\/\/www.whasur.com.br\/site\/wp-json\/wp\/v2\/comments?post=3"}],"version-history":[{"count":51,"href":"https:\/\/www.whasur.com.br\/site\/wp-json\/wp\/v2\/pages\/3\/revisions"}],"predecessor-version":[{"id":478,"href":"https:\/\/www.whasur.com.br\/site\/wp-json\/wp\/v2\/pages\/3\/revisions\/478"}],"wp:attachment":[{"href":"https:\/\/www.whasur.com.br\/site\/wp-json\/wp\/v2\/media?parent=3"}],"curies":[{"name":"wp","href":"https:\/\/api.w.org\/{rel}","templated":true}]}}